{"id":27285,"date":"2022-04-26T15:05:16","date_gmt":"2022-04-26T13:05:16","guid":{"rendered":"https:\/\/endotherm-lsm.com\/profil"},"modified":"2025-03-10T19:04:56","modified_gmt":"2025-03-10T18:04:56","slug":"profil","status":"publish","type":"page","link":"https:\/\/endotherm-lsm.com\/en\/profil","title":{"rendered":"Profile"},"content":{"rendered":"\n<div class=\"wp-block-cover alignfull is-light page__header\" style=\"min-height:300px\"><span aria-hidden=\"true\" class=\"wp-block-cover__background has-background-dim-0 has-background-dim\"><\/span><img decoding=\"async\" loading=\"lazy\" width=\"2437\" height=\"872\" class=\"wp-block-cover__image-background wp-image-58877\" alt=\"\" src=\"https:\/\/endotherm-lsm.com\/wp-content\/uploads\/2023\/06\/header-ENDOTHERM_2_2200093-ohne-Castillo.jpg\" style=\"object-position:47% 35%\" data-object-fit=\"cover\" data-object-position=\"47% 35%\" srcset=\"https:\/\/endotherm-lsm.com\/wp-content\/uploads\/2023\/06\/header-ENDOTHERM_2_2200093-ohne-Castillo.jpg 2437w, https:\/\/endotherm-lsm.com\/wp-content\/uploads\/2023\/06\/header-ENDOTHERM_2_2200093-ohne-Castillo-300x107.jpg 300w, https:\/\/endotherm-lsm.com\/wp-content\/uploads\/2023\/06\/header-ENDOTHERM_2_2200093-ohne-Castillo-600x215.jpg 600w, https:\/\/endotherm-lsm.com\/wp-content\/uploads\/2023\/06\/header-ENDOTHERM_2_2200093-ohne-Castillo-1024x366.jpg 1024w, https:\/\/endotherm-lsm.com\/wp-content\/uploads\/2023\/06\/header-ENDOTHERM_2_2200093-ohne-Castillo-768x275.jpg 768w, https:\/\/endotherm-lsm.com\/wp-content\/uploads\/2023\/06\/header-ENDOTHERM_2_2200093-ohne-Castillo-1536x550.jpg 1536w, https:\/\/endotherm-lsm.com\/wp-content\/uploads\/2023\/06\/header-ENDOTHERM_2_2200093-ohne-Castillo-2048x733.jpg 2048w\" sizes=\"(max-width: 2437px) 100vw, 2437px\" \/><div class=\"wp-block-cover__inner-container\">\n<h1 class=\"wp-block-heading page__title has-accent-color has-text-color\">Profile<\/h1>\n<\/div><\/div>\n\n\n\n<div class=\"is-layout-flex wp-container-3 wp-block-columns md__padding\">\n<div class=\"is-layout-flow wp-block-column text\" style=\"flex-basis:50%\">\n<h2 class=\"wp-block-heading\">Partner for small molecules and reference materials in diagnostics and drug discovery and developmfent<\/h2>\n\n\n\n<p>Endotherm Life Science Molecules is a custom synthesis company supporting pharmaceutical, biotechnology, and diagnostic companies in the development of new diagnostic methods and drugs. On your behalf, we produce high-value compounds and reference materials (active pharmaceutical ingredients, natural products, metabolites) and fluorescent dyes according to your specifications and quantities.<\/p>\n\n\n\n<p>International clients benefit from more than 20 years of experience and proven special technology:<\/p>\n\n\n\n<ul>\n<li>Production of high-quality (isotope-labeled) reference materials<\/li>\n\n\n\n<li>Process development of multistep syntheses of bioactive compounds or natural products for use in clinical chemistry and drug discovery and development<\/li>\n<\/ul>\n<\/div>\n\n\n\n<div class=\"is-layout-flow wp-block-column is-vertically-aligned-top text\" style=\"flex-basis:41.7%\">\n<figure class=\"wp-block-embed aligncenter is-type-video is-provider-youtube wp-block-embed-youtube wp-embed-aspect-16-9 wp-has-aspect-ratio\"><div class=\"wp-block-embed__wrapper\">\n<iframe loading=\"lazy\" title=\"Introduction Endotherm\" width=\"1200\" height=\"675\" src=\"https:\/\/www.youtube.com\/embed\/I6dWXvSp-90?feature=oembed\" frameborder=\"0\" allow=\"accelerometer; autoplay; clipboard-write; encrypted-media; gyroscope; picture-in-picture; web-share\" referrerpolicy=\"strict-origin-when-cross-origin\" allowfullscreen><\/iframe>\n<\/div><\/figure>\n\n\n\n<p>Company presentation \/ lecture at the ECP, European Chemistry Partnering - Congress (english)<\/p>\n<\/div>\n<\/div>\n\n\n\n<div class=\"is-layout-flex wp-container-12 wp-block-columns\">\n<div class=\"is-layout-flow wp-block-column\">\n<div class=\"is-layout-flex wp-container-10 wp-block-columns team__holder mt-md\">\n<div class=\"is-layout-flow wp-block-column team\"><div class=\"wp-block-image portrait\">\n<figure class=\"aligncenter size-full is-resized\"><img decoding=\"async\" loading=\"lazy\" src=\"https:\/\/endotherm-lsm.com\/wp-content\/uploads\/2022\/09\/Portrait-Kattner-2@2x-.png\" alt=\"\" class=\"wp-image-15099\" width=\"250\" height=\"279\"\/><\/figure><\/div>\n\n\n<h4 class=\"has-text-align-center wp-block-heading\">Lars Kattner, PhD<\/h4>\n\n\n\n<p class=\"has-text-align-center title__position\"><strong>CEO<br>Chemist<\/strong><\/p>\n\n\n\n<p class=\"has-text-align-center title__position\">+49 (0) 681-3946-7572<br><a href=\"mailto:lars.kattner@endotherm.de\">lars.kattner@endotherm.de<\/a><\/p>\n\n\n\n<div class=\"is-content-justification-center is-layout-flex wp-container-4 wp-block-buttons btn left\">\n<div class=\"wp-block-button gradient__btn\"><a class=\"wp-block-button__link wp-element-button\" href=\"https:\/\/endotherm-lsm.com\/en\/profil\/lars-kattner-phd\">To the full profile<\/a><\/div>\n<\/div>\n<\/div>\n\n\n\n<div class=\"is-layout-flow wp-block-column team\"><div class=\"wp-block-image portrait\">\n<figure class=\"aligncenter size-full is-resized\"><img decoding=\"async\" loading=\"lazy\" src=\"https:\/\/endotherm-lsm.com\/wp-content\/uploads\/2022\/07\/Portrait-Adams@2x.png\" alt=\"\" class=\"wp-image-2097\" width=\"250\" height=\"279\"\/><\/figure><\/div>\n\n\n<h4 class=\"has-text-align-center wp-block-heading\">Heiko Adams<\/h4>\n\n\n\n<p class=\"has-text-align-center\"><strong>Chemist<br>Product Administrator (Custom Service)<\/strong><\/p>\n\n\n\n<p class=\"has-text-align-center title__position\">+49 (0) 681-3946-7575<br><a href=\"mailto:heiko.adams@endotherm.de\">heiko.adams@endotherm.de<\/a><\/p>\n\n\n\n<div class=\"is-content-justification-center is-layout-flex wp-container-6 wp-block-buttons btn left\">\n<div class=\"wp-block-button gradient__btn\"><a class=\"wp-block-button__link wp-element-button\" href=\"https:\/\/endotherm-lsm.com\/en\/profil\/heiko-adams\">To the full profile<\/a><\/div>\n<\/div>\n<\/div>\n\n\n\n<div class=\"is-layout-flow wp-block-column team\"><div class=\"wp-block-image portrait\">\n<figure class=\"aligncenter size-full is-resized\"><img decoding=\"async\" loading=\"lazy\" src=\"https:\/\/endotherm-lsm.com\/wp-content\/uploads\/2022\/07\/Portrait-Bouillon@2x.png\" alt=\"\" class=\"wp-image-2091\" width=\"250\" height=\"279\"\/><\/figure><\/div>\n\n\n<h4 class=\"has-text-align-center wp-block-heading\">Marc Bouillon, PhD<\/h4>\n\n\n\n<p class=\"has-text-align-center title__position\"><strong>Chemist<\/strong><\/p>\n\n\n\n<p class=\"has-text-align-center title__position\">+49 (0) 0681-3946-7575<br><a href=\"mailto:marc.bouillon@endotherm.de\">marc.bouillon@endotherm.de<\/a><\/p>\n\n\n\n<div class=\"is-content-justification-center is-layout-flex wp-container-8 wp-block-buttons btn left\">\n<div class=\"wp-block-button gradient__btn\"><a class=\"wp-block-button__link wp-element-button\" href=\"https:\/\/endotherm-lsm.com\/en\/profil\/dr-marc-bouillon\">To the full profile<\/a><\/div>\n<\/div>\n<\/div>\n<\/div>\n<\/div>\n<\/div>\n\n\n\n<div class=\"is-layout-flex wp-container-20 wp-block-columns\">\n<div class=\"is-layout-flow wp-block-column\">\n<div class=\"is-layout-flex wp-container-18 wp-block-columns team__holder\">\n<div class=\"is-layout-flow wp-block-column team\"><div class=\"wp-block-image portrait\">\n<figure class=\"aligncenter size-full is-resized\"><img decoding=\"async\" loading=\"lazy\" src=\"https:\/\/endotherm-lsm.com\/wp-content\/uploads\/2022\/07\/Portrait-Rauch@2x.png\" alt=\"\" class=\"wp-image-2101\" width=\"250\" height=\"279\"\/><\/figure><\/div>\n\n\n<h4 class=\"has-text-align-center wp-block-heading\">Erik Rauch, PhD<\/h4>\n\n\n\n<p class=\"has-text-align-center\"><strong>Chemist<br>Laboratory Head (Custom Synthesis)<\/strong><\/p>\n\n\n\n<p class=\"has-text-align-center title__position\">+49 (0) 681-3946-7573<br><a href=\"mailto:erik.rauch@endotherm.de\">erik.rauch@endotherm.de<\/a><\/p>\n\n\n\n<div class=\"is-content-justification-center is-layout-flex wp-container-13 wp-block-buttons btn left\">\n<div class=\"wp-block-button gradient__btn\"><a class=\"wp-block-button__link wp-element-button\" href=\"https:\/\/endotherm-lsm.com\/en\/profil\/erik-rauch-phd\">To the full profile<\/a><\/div>\n<\/div>\n<\/div>\n\n\n\n<div class=\"is-layout-flow wp-block-column team\"><div class=\"wp-block-image portrait\">\n<figure class=\"aligncenter size-full is-resized\"><img decoding=\"async\" loading=\"lazy\" src=\"https:\/\/endotherm-lsm.com\/wp-content\/uploads\/2022\/07\/Portrait-Stach@2x.png\" alt=\"\" class=\"wp-image-2095\" width=\"250\" height=\"279\"\/><\/figure><\/div>\n\n\n<h4 class=\"has-text-align-center wp-block-heading\">Tanja Stach, PhD<\/h4>\n\n\n\n<p class=\"has-text-align-center\"><strong>Chemist<br>Laboratory Head (Research Projects)<\/strong><\/p>\n\n\n\n<p class=\"has-text-align-center title__position\">+49 (0) 681-3946-7576<br><a href=\"mailto:tanja.stach@endotherm.de\">tanja.stach@endotherm.de<\/a><\/p>\n\n\n\n<div class=\"is-content-justification-center is-layout-flex wp-container-15 wp-block-buttons btn left\">\n<div class=\"wp-block-button gradient__btn\"><a class=\"wp-block-button__link wp-element-button\" href=\"https:\/\/endotherm-lsm.com\/en\/profil\/tanja-stach-phd\">To the full profile<\/a><\/div>\n<\/div>\n<\/div>\n\n\n\n<div class=\"is-layout-flow wp-block-column team\"><\/div>\n<\/div>\n<\/div>\n<\/div>\n\n\n\n<div class=\"is-layout-flex wp-container-39 wp-block-columns alignfull lg__padding has-base-3-background-color has-background\">\n<div class=\"is-layout-flow wp-block-column\">\n<div class=\"is-layout-flex wp-container-22 wp-block-columns\">\n<div class=\"is-layout-flow wp-block-column text\">\n<h2 class=\"has-text-align-center wp-block-heading\">Why clients choose Endotherm Life Science Molecules:<\/h2>\n<\/div>\n<\/div>\n\n\n\n<div class=\"is-layout-flex wp-container-37 wp-block-columns testimonials\">\n<div class=\"is-layout-flow wp-block-column testimonial\" style=\"flex-basis:100%\">\n<div class=\"is-layout-flex wp-container-26 wp-block-columns portrait--left\">\n<div class=\"is-layout-flow wp-block-column portrait\" style=\"flex-basis:16.3333%\"><\/div>\n\n\n\n<div class=\"is-layout-flow wp-block-column whitebox\" style=\"flex-basis:82.666%\">\n<div class=\"is-layout-flow wp-block-group publications list\"><div class=\"wp-block-group__inner-container\">\n<h5 class=\"has-text-align-center wp-block-heading pdf\"><a href=\"https:\/\/endotherm-lsm.com\/en\/qualitaetssicherung\">Quality management system certified according to DIN EN ISO 9001:2015<\/a><\/h5>\n<\/div><\/div>\n<\/div>\n<\/div>\n\n\n\n<div class=\"is-layout-flex wp-container-29 wp-block-columns portrait--left\">\n<div class=\"is-layout-flow wp-block-column portrait\" style=\"flex-basis:16.3333%\"><div class=\"wp-block-image\">\n<figure class=\"aligncenter size-full\"><img decoding=\"async\" loading=\"lazy\" width=\"177\" height=\"201\" src=\"https:\/\/endotherm-lsm.com\/wp-content\/uploads\/2022\/04\/testimonial-01-1.png\" alt=\"\" class=\"wp-image-373\"\/><\/figure><\/div><\/div>\n\n\n\n<div class=\"is-layout-flow wp-block-column whitebox\" style=\"flex-basis:83.3333%\">\n<h5 class=\"has-text-align-center wp-block-heading\">Outstanding expertise in vitamin D synthesis is readily used, for example, to develop new immunological or LC-MS\/MS-based vitamin D diagnostic methods.<\/h5>\n<\/div>\n<\/div>\n\n\n\n<div class=\"is-layout-flex wp-container-32 wp-block-columns portrait--right\">\n<div class=\"is-layout-flow wp-block-column whitebox left\" style=\"flex-basis:83.3333%\">\n<h5 class=\"has-text-align-center wp-block-heading\">Outstanding expertise in vitamin D synthesis is readily used, for example, to develop new immunological or LC-MS\/MS-based vitamin D diagnostic methods.<\/h5>\n<\/div>\n\n\n\n<div class=\"is-layout-flow wp-block-column portrait right\" style=\"flex-basis:16.3333%\"><div class=\"wp-block-image\">\n<figure class=\"aligncenter size-full\"><img decoding=\"async\" loading=\"lazy\" width=\"177\" height=\"201\" src=\"https:\/\/endotherm-lsm.com\/wp-content\/uploads\/2022\/04\/testimonial-02-1.png\" alt=\"\" class=\"wp-image-382\"\/><\/figure><\/div><\/div>\n<\/div>\n\n\n\n<div class=\"is-layout-flex wp-container-35 wp-block-columns portrait--left\">\n<div class=\"is-layout-flow wp-block-column portrait\" style=\"flex-basis:16.3333%\"><div class=\"wp-block-image\">\n<figure class=\"aligncenter size-full is-resized\"><img decoding=\"async\" src=\"https:\/\/endotherm-lsm.com\/wp-content\/uploads\/2022\/04\/testimonial-03.png\" alt=\"\" class=\"wp-image-409\" width=\"177\" srcset=\"https:\/\/endotherm-lsm.com\/wp-content\/uploads\/2022\/04\/testimonial-03.png 369w, https:\/\/endotherm-lsm.com\/wp-content\/uploads\/2022\/04\/testimonial-03-300x340.png 300w, https:\/\/endotherm-lsm.com\/wp-content\/uploads\/2022\/04\/testimonial-03-265x300.png 265w\" sizes=\"(max-width: 369px) 100vw, 369px\" \/><\/figure><\/div><\/div>\n\n\n\n<div class=\"is-layout-flow wp-block-column whitebox\" style=\"flex-basis:83.3333%\">\n<h5 class=\"has-text-align-center wp-block-heading\">Numerous medicinal chemistry projects are advancing decisively through our provision of new complex fluorescent dyes to build up new biochemical assays for high-throughput screening campaigns.<\/h5>\n<\/div>\n<\/div>\n<\/div>\n<\/div>\n<\/div>\n<\/div>\n\n\n\n<div class=\"is-layout-flex wp-container-45 wp-block-columns col-12 md__padding\">\n<div class=\"is-layout-flow wp-block-column hexagon__blue--3 text\">\n<h2 class=\"has-text-align-center wp-block-heading\">Associations<\/h2>\n\n\n\n<h5 class=\"has-text-align-center wp-block-heading black\">Our clients are research-based pharmaceutical, biotechnology, and diagnostics companies as well as academic research institutions worldwide. In addition to numerous research and distribution partners, Endotherm Life Science Molecules is embedded in an extensive network of professional associations and scientific organizations.<\/h5>\n\n\n\n<div class=\"is-layout-flex wp-container-43 wp-block-columns\">\n<div class=\"is-layout-flow wp-block-column memberships\">\n<p class=\"has-text-align-center\">American Association for the Advancement of Science (AAAS)<br><a rel=\"noreferrer noopener\" href=\"http:\/\/www.aaas.org\/\" target=\"_blank\">www.aaas.org<\/a><\/p>\n\n\n\n<p class=\"has-text-align-center\">Wirtschaftsnetzwerk Saar<br><a href=\"https:\/\/win.saarland\/home\/\" target=\"_blank\" rel=\"noreferrer noopener\">www.win.saarland<\/a><\/p>\n\n\n\n<p class=\"has-text-align-center\">Berufsgenossenschaft (BGRCI)<br><a rel=\"noreferrer noopener\" href=\"http:\/\/www.bgrci.de\/\" target=\"_blank\">www.bgrci.de<\/a><\/p>\n\n\n\n<p class=\"has-text-align-center\">Industrie- und Handelskammer Saarland (IHK)<br><a rel=\"noreferrer noopener\" href=\"https:\/\/www.saarland.ihk.de\" target=\"_blank\">www.saarland.ihk.de<\/a><\/p>\n<\/div>\n\n\n\n<div class=\"is-layout-flow wp-block-column memberships\">\n<p class=\"has-text-align-center\">Soci\u00e9t\u00e9 de Chimie Th\u00e9rapeutique <br><a href=\"http:\/\/www.sct-asso.fr\/\">www.sct-asso.fr<\/a><\/p>\n\n\n\n<p class=\"has-text-align-center\">Association for Diagnostics and Laboratory Medicine<br><a href=\"https:\/\/myadlm.org\/\" target=\"_blank\" rel=\"noreferrer noopener\">www.myadlm.org<\/a><\/p>\n\n\n\n<p class=\"has-text-align-center\">European Federation of Biotechnology (EFB)<br><a rel=\"noreferrer noopener\" href=\"http:\/\/www.efb-central.org\/\" target=\"_blank\">www.efb-central.org<\/a><\/p>\n\n\n\n<p class=\"has-text-align-center\">Gesellschaft Deutscher Chemiker (GDCh)<br><a rel=\"noreferrer noopener\" href=\"https:\/\/www.gdch.de\/\" target=\"_blank\">www.gdch.de<\/a><\/p>\n\n\n\n<p class=\"has-text-align-center\">American Society of Mass Spectrometry (ASMS)<br><a rel=\"noreferrer noopener\" href=\"https:\/\/www.asms.org\/\" target=\"_blank\">www.asms.org<\/a><\/p>\n<\/div>\n\n\n\n<div class=\"is-layout-flow wp-block-column memberships\">\n<p class=\"has-text-align-center\">International Isotope Society <br><a href=\"https:\/\/www.intl-isotope-soc.org\/\">www.intl-isotope-soc.org<\/a><\/p>\n\n\n\n<p class=\"has-text-align-center\">American Chemical Society (ACS)<br><a rel=\"noreferrer noopener\" href=\"https:\/\/www.acs.org\/\" target=\"_blank\">www.acs.org<\/a><\/p>\n\n\n\n<p class=\"has-text-align-center\">Gesundheitsregion Saar<br><a href=\"http:\/\/www.gesundheitsregion-saar.de\/\" target=\"_blank\" rel=\"noreferrer noopener\">www.gesundheitsregion-saar.de<\/a><\/p>\n\n\n\n<p class=\"has-text-align-center\">Kompetenzzentrum Molekulare Medizin (KOMM)<br><a rel=\"noreferrer noopener\" href=\"https:\/\/www.molmed-saarland.eu\/\" target=\"_blank\">www.molmed-saarland.eu<\/a><\/p>\n<\/div>\n<\/div>\n<\/div>\n<\/div>\n\n\n\n<p><\/p>\n","protected":false},"excerpt":{"rendered":"<p>Partner for small molecules and reference materials in diagnostics and drug discovery and developmfent Endotherm Life Science Molecules is a custom synthesis company supporting pharmaceutical, biotechnology, and diagnostic companies in the development of new diagnostic methods and drugs. On your behalf, we produce high-value compounds and reference materials (active pharmaceutical ingredients, natural products, metabolites) and &#8230; <a title=\"Profile\" class=\"read-more\" href=\"https:\/\/endotherm-lsm.com\/en\/profil\" aria-label=\"Read more about Profile\">Read more<\/a><\/p>\n","protected":false},"author":1,"featured_media":0,"parent":0,"menu_order":6,"comment_status":"closed","ping_status":"closed","template":"","meta":[],"_links":{"self":[{"href":"https:\/\/endotherm-lsm.com\/en\/wp-json\/wp\/v2\/pages\/27285"}],"collection":[{"href":"https:\/\/endotherm-lsm.com\/en\/wp-json\/wp\/v2\/pages"}],"about":[{"href":"https:\/\/endotherm-lsm.com\/en\/wp-json\/wp\/v2\/types\/page"}],"author":[{"embeddable":true,"href":"https:\/\/endotherm-lsm.com\/en\/wp-json\/wp\/v2\/users\/1"}],"replies":[{"embeddable":true,"href":"https:\/\/endotherm-lsm.com\/en\/wp-json\/wp\/v2\/comments?post=27285"}],"version-history":[{"count":9,"href":"https:\/\/endotherm-lsm.com\/en\/wp-json\/wp\/v2\/pages\/27285\/revisions"}],"predecessor-version":[{"id":59023,"href":"https:\/\/endotherm-lsm.com\/en\/wp-json\/wp\/v2\/pages\/27285\/revisions\/59023"}],"wp:attachment":[{"href":"https:\/\/endotherm-lsm.com\/en\/wp-json\/wp\/v2\/media?parent=27285"}],"curies":[{"name":"wp","href":"https:\/\/api.w.org\/{rel}","templated":true}]}}